{"id":19,"date":"2020-06-19T21:57:17","date_gmt":"2020-06-19T19:57:17","guid":{"rendered":"https:\/\/www.hausarztpraxis-ihlow-riepe.de\/praxis\/?page_id=19"},"modified":"2026-01-04T18:48:04","modified_gmt":"2026-01-04T17:48:04","slug":"aktuelles","status":"publish","type":"page","link":"https:\/\/www.hausarztpraxis-ihlow-riepe.de\/praxis\/aktuelles\/","title":{"rendered":"Aktuelles"},"content":{"rendered":"<!--themify_builder_content-->\n<div id=\"themify_builder_content-19\" data-postid=\"19\" class=\"themify_builder_content themify_builder_content-19 themify_builder tf_clear\">\n                    <div  data-lazy=\"1\" class=\"module_row themify_builder_row tb_04i848 tb_first tf_w\">\n                        <div class=\"row_inner col_align_top tb_col_count_1 tf_box tf_rel\">\n                        <div  data-lazy=\"1\" class=\"module_column tb-column col-full tb_fi8548 first\">\n                    <!-- module text -->\n<div  class=\"module module-text tb_5bs2927   \" data-lazy=\"1\">\n        <div  class=\"tb_text_wrap\">\n        <h4><span style=\"font-size: 16px; font-style: italic;\">1. Rezepte f\u00fcr Ihre Dauermedikamente k\u00f6nnen Sie bei uns gerne als e-Rezept bekommen. Daf\u00fcr brauchen Sie, wenn die Versichertenkarte im laufenden Quartal einmal eingelesen wurde, nicht in die Praxis kommen. Sie bestellen Ihr Rezept wie zuvor (pers\u00f6nlich, per Telefon-auf dem Anrufbeantworter, schriftlich auf unserem daf\u00fcr vorgesehenem Bestellzettel oder per E-Mail) und holen Ihre Medikamente ab dem Nachmittag des Folge-Werktages nach Vorlage Ihrer Versichertenkarte in der Apotheke Ihrer Wahl ab.\u00a0<\/span><\/h4>\n<div>\n<h4>2. Damit Sie uns besser und schneller erreichen k\u00f6nnen, sind neben Rezept-Bestellungen f\u00fcr Dauermedikamente (wenn Sie Patient\/in in unserer Praxis sind und sich regelm\u00e4\u00dfig bei einer\/einem unserer \u00c4rzte vorstellen) auch Terminanfragen oder sonstige Fragen per E-Mail m\u00f6glich. Nutzen Sie hierf\u00fcr gerne unsere Kontaktformulare unten.<\/h4>\n<\/div>\n<div>\n<h4><span style=\"font-size: 16px; font-style: italic; font-weight: 400;\">3. Wir bieten Ihnen weiterhin eine Videosprechstunde an. Kontaktieren Sie uns daf\u00fcr bitte per E-Mail, nutzen Sie ebenfalls gerne unsere Kontaktformulare.<\/span><\/h4>\n<\/div>\n<div>\n<h4><span style=\"font-size: 16px; font-style: italic; font-weight: 400;\">4. Wir haben f\u00fcr Sie ein Patientenrufsystem (Pager) installiert, damit Sie sich im Radius von etwa 150-200 Meter um die Praxis herum bewegen k\u00f6nnen und trotzdem f\u00fcr uns direkt erreichbar sind. So k\u00f6nnen Sie gerne auf dem Parkplatz z.B in Ihrem Auto warten, bis Sie dran sind. Sie bekommen \u00fcber den Pager ein akustisches und optisches Signal, wenn Sie aufgerufen werden.<\/span><\/h4>\n<div><span style=\"font-size: 16px; font-style: italic; letter-spacing: 1px;\">\u00a0<\/span><\/div>\n<div><span style=\"font-size: 16px; font-style: italic; letter-spacing: 1px;\">\u00a0<\/span><\/div>\n<div><span style=\"font-size: 16px; font-style: italic; letter-spacing: 1px;\">5.An folgenden Tagen im Jahr 2026 bleibt unsere Praxis urlaubsbedingt\u00a0 geschlossen:<\/span><\/div>\n<div>\n<h4><b>15.05.2026<\/b><span style=\"font-size: 16px; font-style: italic;\">\u00a0\u00a0Vertretung \u00fcbernimmt die Praxis von Dr. med.Sebastian Arends\u00a0 in 26632 Ihlow,\u00a0 Ochtelbur,\u00a0 Friesenstrasse 24, Tel: 04928-4580000\u00a0<\/span><\/h4>\n<\/div>\n<div><span style=\"font-size: 16px; font-style: italic;\">\u00a0<\/span><\/div>\n<div><span style=\"font-size: 16px; font-style: italic;\">\u00a0<\/span><\/div>\n<div><span style=\"font-size: 16px; font-style: italic; letter-spacing: 1px;\">6. Es ist auch weiterhin, besonders in der infektlastigen Herbst-Winter-Saison, erw\u00fcnscht, dass in der Praxis m\u00f6glichst auf Abstand\u00a0 und die bekannten Hygieneregeln (kein H\u00e4ndesch\u00fctteln, Husten und Niesen nur in die Armbeuge) geachtet wird.<\/span><\/div>\n<\/div>\n<div><span style=\"font-size: 16px; font-style: italic; letter-spacing: 1px;\">\u00a0<\/span><\/div>\n<div><span style=\"font-size: 16px; font-style: italic; letter-spacing: 1px;\">\u00a0<\/span><\/div>\n<div><span style=\"font-size: 16px; font-style: italic; letter-spacing: 1px;\">\u00a0<\/span><\/div>\n<div><span style=\"font-size: 16px; font-style: italic; font-weight: 400; letter-spacing: 1px;\">7. Wenn Sie Symptome einer akuten Atemwegsinfektion\/Erk\u00e4ltung jeder Schwere (also auch nur wenig\/leichte Symptome) wie Husten, Halsschmerzen, Schnupfen, Kopfschmerzen, Gliederschmerzen, Fieber haben,\u00a0 betreten Sie die Praxis bitte mit einer Mund-Nasen-Schutzmaske.\u00a0<\/span><\/div>\n<h4>8. Wenn Sie sich im Internet \u00fcber die aktuellen Empfehlungen, auch Impfempfehlungen, bez\u00fcglich Covid-19 informieren m\u00f6chten, empfehlen wir Ihnen die Seite des RKI (Robert-Koch-Institut).<\/h4>\n<p style=\"margin: 0in; font-family: Calibri; font-size: 12pt; text-align: center;\"><span style=\"font-weight: bold;\"><span class=\"ti_icon size-default corner-rounded icon-left bg-color-white text-color-blue icon-color-blue\"><a href=\"https:\/\/www.rki.de\" target=\"&lt;strong&gt;_blank&lt;\/strong&gt;\"><i class=\"ti-world\"><\/i> <span class=\"icon-text\">Robert Koch Institut<\/span><\/a><\/span><\/span><\/p>\n<h4>\u00a0<\/h4>\n<p style=\"margin: 0in; font-family: Calibri; font-size: 12pt; text-align: center;\"><span style=\"font-weight: bold;\"><span class=\"ti_icon size-default corner-rounded icon-left bg-color-white text-color-blue icon-color-blue\"><span class=\"icon-text\"><a href=\"https:\/\/www.hausarztpraxis-ihlow-riepe.de\/praxis\/kontakt\/\">Kontaktformulare<\/a><\/span><\/span><\/span><\/p>\n<h4>Ihr Praxisteam<\/h4>    <\/div>\n<\/div>\n<!-- \/module text -->        <\/div>\n                        <\/div>\n        <\/div>\n        <\/div>\n<!--\/themify_builder_content-->","protected":false},"excerpt":{"rendered":"<p>1. Rezepte f\u00fcr Ihre Dauermedikamente k\u00f6nnen Sie bei uns gerne als e-Rezept bekommen. Daf\u00fcr brauchen Sie, wenn die Versichertenkarte im laufenden Quartal einmal eingelesen wurde, nicht in die Praxis kommen. Sie bestellen Ihr Rezept wie zuvor (pers\u00f6nlich, per Telefon-auf dem Anrufbeantworter, schriftlich auf unserem daf\u00fcr vorgesehenem Bestellzettel oder per E-Mail) und holen Ihre Medikamente ab &hellip; <a href=\"https:\/\/www.hausarztpraxis-ihlow-riepe.de\/praxis\/aktuelles\/\" class=\"more-link\"><span class=\"screen-reader-text\">Aktuelles<\/span> weiterlesen<\/a><\/p>\n","protected":false},"author":1,"featured_media":0,"parent":0,"menu_order":20,"comment_status":"closed","ping_status":"closed","template":"","meta":{"footnotes":""},"class_list":["post-19","page","type-page","status-publish","hentry"],"builder_content":"<h4>1. Rezepte f\u00fcr Ihre Dauermedikamente k\u00f6nnen Sie bei uns gerne als e-Rezept bekommen. Daf\u00fcr brauchen Sie, wenn die Versichertenkarte im laufenden Quartal einmal eingelesen wurde, nicht in die Praxis kommen. Sie bestellen Ihr Rezept wie zuvor (pers\u00f6nlich, per Telefon-auf dem Anrufbeantworter, schriftlich auf unserem daf\u00fcr vorgesehenem Bestellzettel oder per E-Mail) und holen Ihre Medikamente ab dem Nachmittag des Folge-Werktages nach Vorlage Ihrer Versichertenkarte in der Apotheke Ihrer Wahl ab.\u00a0<\/h4>\n<h4>2. Damit Sie uns besser und schneller erreichen k\u00f6nnen, sind neben Rezept-Bestellungen f\u00fcr Dauermedikamente (wenn Sie Patient\/in in unserer Praxis sind und sich regelm\u00e4\u00dfig bei einer\/einem unserer \u00c4rzte vorstellen) auch Terminanfragen oder sonstige Fragen per E-Mail m\u00f6glich. Nutzen Sie hierf\u00fcr gerne unsere Kontaktformulare unten.<\/h4>\n<h4>3. Wir bieten Ihnen weiterhin eine Videosprechstunde an. Kontaktieren Sie uns daf\u00fcr bitte per E-Mail, nutzen Sie ebenfalls gerne unsere Kontaktformulare.<\/h4>\n<h4>4. Wir haben f\u00fcr Sie ein Patientenrufsystem (Pager) installiert, damit Sie sich im Radius von etwa 150-200 Meter um die Praxis herum bewegen k\u00f6nnen und trotzdem f\u00fcr uns direkt erreichbar sind. So k\u00f6nnen Sie gerne auf dem Parkplatz z.B in Ihrem Auto warten, bis Sie dran sind. Sie bekommen \u00fcber den Pager ein akustisches und optisches Signal, wenn Sie aufgerufen werden.<\/h4> \u00a0 \u00a0 5.An folgenden Tagen im Jahr 2026 bleibt unsere Praxis urlaubsbedingt\u00a0 geschlossen:\n<h4><b>15.05.2026<\/b>\u00a0\u00a0Vertretung \u00fcbernimmt die Praxis von Dr. med.Sebastian Arends\u00a0 in 26632 Ihlow,\u00a0 Ochtelbur,\u00a0 Friesenstrasse 24, Tel: 04928-4580000\u00a0<\/h4>\n\u00a0 \u00a0 6. Es ist auch weiterhin, besonders in der infektlastigen Herbst-Winter-Saison, erw\u00fcnscht, dass in der Praxis m\u00f6glichst auf Abstand\u00a0 und die bekannten Hygieneregeln (kein H\u00e4ndesch\u00fctteln, Husten und Niesen nur in die Armbeuge) geachtet wird.\n\u00a0 \u00a0 \u00a0 7. Wenn Sie Symptome einer akuten Atemwegsinfektion\/Erk\u00e4ltung jeder Schwere (also auch nur wenig\/leichte Symptome) wie Husten, Halsschmerzen, Schnupfen, Kopfschmerzen, Gliederschmerzen, Fieber haben,\u00a0 betreten Sie die Praxis bitte mit einer Mund-Nasen-Schutzmaske.\u00a0 <h4>8. Wenn Sie sich im Internet \u00fcber die aktuellen Empfehlungen, auch Impfempfehlungen, bez\u00fcglich Covid-19 informieren m\u00f6chten, empfehlen wir Ihnen die Seite des RKI (Robert-Koch-Institut).<\/h4> <p style=\"margin: 0in; font-family: Calibri; font-size: 12pt; text-align: center;\"><a href=\"https:\/\/www.rki.de\" target=\"&lt;strong&gt;_blank&lt;\/strong&gt;\"> Robert Koch Institut<\/a><\/p> <h4>\u00a0<\/h4> <p style=\"margin: 0in; font-family: Calibri; font-size: 12pt; text-align: center;\"><a href=\"https:\/\/www.hausarztpraxis-ihlow-riepe.de\/praxis\/kontakt\/\">Kontaktformulare<\/a><\/p> <h4>Ihr Praxisteam<\/h4>","_links":{"self":[{"href":"https:\/\/www.hausarztpraxis-ihlow-riepe.de\/praxis\/wp-json\/wp\/v2\/pages\/19","targetHints":{"allow":["GET"]}}],"collection":[{"href":"https:\/\/www.hausarztpraxis-ihlow-riepe.de\/praxis\/wp-json\/wp\/v2\/pages"}],"about":[{"href":"https:\/\/www.hausarztpraxis-ihlow-riepe.de\/praxis\/wp-json\/wp\/v2\/types\/page"}],"author":[{"embeddable":true,"href":"https:\/\/www.hausarztpraxis-ihlow-riepe.de\/praxis\/wp-json\/wp\/v2\/users\/1"}],"replies":[{"embeddable":true,"href":"https:\/\/www.hausarztpraxis-ihlow-riepe.de\/praxis\/wp-json\/wp\/v2\/comments?post=19"}],"version-history":[{"count":67,"href":"https:\/\/www.hausarztpraxis-ihlow-riepe.de\/praxis\/wp-json\/wp\/v2\/pages\/19\/revisions"}],"predecessor-version":[{"id":14251,"href":"https:\/\/www.hausarztpraxis-ihlow-riepe.de\/praxis\/wp-json\/wp\/v2\/pages\/19\/revisions\/14251"}],"wp:attachment":[{"href":"https:\/\/www.hausarztpraxis-ihlow-riepe.de\/praxis\/wp-json\/wp\/v2\/media?parent=19"}],"curies":[{"name":"wp","href":"https:\/\/api.w.org\/{rel}","templated":true}]}}