{"id":26,"date":"2020-06-19T21:57:54","date_gmt":"2020-06-19T19:57:54","guid":{"rendered":"https:\/\/www.hausarztpraxis-ihlow-riepe.de\/praxis\/?page_id=26"},"modified":"2020-07-03T23:12:45","modified_gmt":"2020-07-03T21:12:45","slug":"praxis-online","status":"publish","type":"page","link":"https:\/\/www.hausarztpraxis-ihlow-riepe.de\/praxis\/praxis-online\/","title":{"rendered":"Praxis-Online"},"content":{"rendered":"<!--themify_builder_content-->\n<div id=\"themify_builder_content-26\" data-postid=\"26\" class=\"themify_builder_content themify_builder_content-26 themify_builder tf_clear\">\n                    <div  data-lazy=\"1\" class=\"module_row themify_builder_row tb_er9w726 tb_first tf_w\">\n                        <div class=\"row_inner col_align_top tb_col_count_1 tf_box tf_rel\">\n                        <div  data-lazy=\"1\" class=\"module_column tb-column col-full tb_cvwh727 first\">\n                    <!-- module text -->\n<div  class=\"module module-text tb_1mso728  repeat \" data-lazy=\"1\">\n        <div  class=\"tb_text_wrap\">\n        <h1 style=\"text-align: center;\">Praxis-Online<\/h1>\n<h4>Unser Online Service f\u00fcr Sie, um Ihre Wartezeit zu verk\u00fcrzen von Ihrer Hausarztpraxis Riepe.<br \/><br \/>Folgende M\u00f6glichkeiten finden Sie hier:<\/h4>\n<h4><span class=\"ti_icon size-default corner-rounded icon-boxed bg-color-white text-color-blue icon-color-black\"><a href=\"https:\/\/www.hausarztpraxis-ihlow-riepe.de\/praxis\/rezeptanfrage\/\"><i class=\"ti-pencil-alt\" style=\"\"><\/i> <span class=\"icon-text\">Online Rezeptanfrage<\/span><\/a><\/span><\/h4>\n<h4><span class=\"ti_icon size-default corner-rounded icon-boxed bg-color-white text-color-blue icon-color-black\"><a href=\"https:\/\/www.hausarztpraxis-ihlow-riepe.de\/praxis\/terminanfrage\/\"><i class=\"ti-pencil-alt\" style=\"\"><\/i> <span class=\"icon-text\">Online Terminanfrage<\/span><\/a><\/span><\/h4>\n<h4><span class=\"ti_icon size-default corner-rounded icon-boxed bg-color-white text-color-blue icon-color-black\"><a href=\"https:\/\/www.hausarztpraxis-ihlow-riepe.de\/praxis\/videosprechstunde\/\"><i class=\"ti-pencil-alt\" style=\"\"><\/i> <span class=\"icon-text\">Videosprechstunde<\/span><\/a><\/span><\/h4>\n<h4>Ihr Praxisteam<\/h4>\n<p>\u00a0<\/p>\n<p>\u00a0<\/p>\n<p>\u00a0<\/p>\n<p>\u00a0<\/p>\n<p>\u00a0<\/p>\n<h4>\u00a0<\/h4>    <\/div>\n<\/div>\n<!-- \/module text -->        <\/div>\n                        <\/div>\n        <\/div>\n        <\/div>\n<!--\/themify_builder_content-->","protected":false},"excerpt":{"rendered":"<p>Praxis-Online Unser Online Service f\u00fcr Sie, um Ihre Wartezeit zu verk\u00fcrzen von Ihrer Hausarztpraxis Riepe. Folgende M\u00f6glichkeiten finden Sie hier: Ihr Praxisteam \u00a0 \u00a0 \u00a0 \u00a0 \u00a0 \u00a0<\/p>\n","protected":false},"author":1,"featured_media":0,"parent":0,"menu_order":40,"comment_status":"closed","ping_status":"closed","template":"","meta":{"footnotes":""},"class_list":["post-26","page","type-page","status-publish","hentry"],"builder_content":"<h1 style=\"text-align: center;\">Praxis-Online<\/h1> <h4>Unser Online Service f\u00fcr Sie, um Ihre Wartezeit zu verk\u00fcrzen von Ihrer Hausarztpraxis Riepe.<br \/><br \/>Folgende M\u00f6glichkeiten finden Sie hier:<\/h4> <h4>[ti_icon icon=\"ti-pencil-alt\" text=\"Online Rezeptanfrage\" link=\"https:\/\/www.hausarztpraxis-ihlow-riepe.de\/praxis\/rezeptanfrage\/\" size=\"default\" style=\"icon-boxed\" corners=\"rounded\" text_color=\"blue\" background_color=\"white\" icon_color=\"black\"]<\/h4> <h4>[ti_icon icon=\"ti-pencil-alt\" text=\"Online Terminanfrage\" link=\"https:\/\/www.hausarztpraxis-ihlow-riepe.de\/praxis\/terminanfrage\/\" size=\"default\" style=\"icon-boxed\" corners=\"rounded\" text_color=\"blue\" background_color=\"white\" icon_color=\"black\"]<\/h4> <h4>[ti_icon icon=\"ti-pencil-alt\" text=\"Videosprechstunde\" link=\"https:\/\/www.hausarztpraxis-ihlow-riepe.de\/praxis\/videosprechstunde\/\" size=\"default\" style=\"icon-boxed\" corners=\"rounded\" text_color=\"blue\" background_color=\"white\" icon_color=\"black\"]<\/h4> <h4>Ihr Praxisteam<\/h4> <p>\u00a0<\/p> <p>\u00a0<\/p> <p>\u00a0<\/p> <p>\u00a0<\/p> <p>\u00a0<\/p> <h4>\u00a0<\/h4>","_links":{"self":[{"href":"https:\/\/www.hausarztpraxis-ihlow-riepe.de\/praxis\/wp-json\/wp\/v2\/pages\/26","targetHints":{"allow":["GET"]}}],"collection":[{"href":"https:\/\/www.hausarztpraxis-ihlow-riepe.de\/praxis\/wp-json\/wp\/v2\/pages"}],"about":[{"href":"https:\/\/www.hausarztpraxis-ihlow-riepe.de\/praxis\/wp-json\/wp\/v2\/types\/page"}],"author":[{"embeddable":true,"href":"https:\/\/www.hausarztpraxis-ihlow-riepe.de\/praxis\/wp-json\/wp\/v2\/users\/1"}],"replies":[{"embeddable":true,"href":"https:\/\/www.hausarztpraxis-ihlow-riepe.de\/praxis\/wp-json\/wp\/v2\/comments?post=26"}],"version-history":[{"count":7,"href":"https:\/\/www.hausarztpraxis-ihlow-riepe.de\/praxis\/wp-json\/wp\/v2\/pages\/26\/revisions"}],"predecessor-version":[{"id":157,"href":"https:\/\/www.hausarztpraxis-ihlow-riepe.de\/praxis\/wp-json\/wp\/v2\/pages\/26\/revisions\/157"}],"wp:attachment":[{"href":"https:\/\/www.hausarztpraxis-ihlow-riepe.de\/praxis\/wp-json\/wp\/v2\/media?parent=26"}],"curies":[{"name":"wp","href":"https:\/\/api.w.org\/{rel}","templated":true}]}}