{"id":28,"date":"2020-06-19T21:58:19","date_gmt":"2020-06-19T19:58:19","guid":{"rendered":"https:\/\/www.hausarztpraxis-ihlow-riepe.de\/praxis\/?page_id=28"},"modified":"2024-06-29T21:30:55","modified_gmt":"2024-06-29T19:30:55","slug":"impressum","status":"publish","type":"page","link":"https:\/\/www.hausarztpraxis-ihlow-riepe.de\/praxis\/impressum\/","title":{"rendered":"Impressum"},"content":{"rendered":"<!--themify_builder_content-->\n<div id=\"themify_builder_content-28\" data-postid=\"28\" class=\"themify_builder_content themify_builder_content-28 themify_builder tf_clear\">\n                    <div  data-lazy=\"1\" class=\"module_row themify_builder_row tb_q6n3253 tb_first tf_w\">\n                        <div class=\"row_inner col_align_top tb_col_count_1 tf_box tf_rel\">\n                        <div  data-lazy=\"1\" class=\"module_column tb-column col-full tb_9dzz794 first\">\n                    <!-- module text -->\n<div  class=\"module module-text tb_0jjm795   \" data-lazy=\"1\">\n        <div  class=\"tb_text_wrap\">\n        <h1>Impressum<\/h1>\n<h2>Angaben gem\u00e4\u00df \u00a7 5 TMG<\/h2>\n<p>Hausarztpraxis Ihlow-Riepe<\/p>\n<p>26632 Ihlow, Friesenstra\u00dfe 146<\/p>\n<h2>Kontakt<\/h2>\n<p>Telefon: 04928 &#8211; 314<br>Telefax: 04928 &#8211; 1869<br>E-Mail: loewen@hausarzt-riepe.eu<\/p>\n<h2>Aufsichtsbeh\u00f6rde<\/h2>\n<p>Kassen\u00e4rztliche Vereinigung Niedersachsen &#8211; KVN K\u00f6rperschaft des \u00f6ffentlichen Rechts<br>Berliner Allee 22<br>30175 Hannover<br>Tel.: 0511 380-03<br>Fax: 0511 380-3491<br>info@kvn.de<\/p>\n<p><a href=\"http:\/\/www.kvn.de\" target=\"_blank\" rel=\"noopener noreferrer\">http:\/\/www.kvn.de<\/a><\/p>\n<h2>Berufsbezeichnung und berufsrechtliche Regelungen<\/h2>\n<p>Berufsbezeichnung: Facharzt f\u00fcr Allgemeinmedizin<br>Zust\u00e4ndige Kammer: \u00c4rztekammer Niedersachsen K\u00f6rperschaft \u00f6ffentlichen Rechts<br>Verliehen durch: Deutschland \/ Niedersachsen<br>Es gelten folgende berufsrechtliche Regelungen: Berufsordnung der \u00c4rztekammer Niedersachsen<br>Regelungen einsehbar unter: <a href=\"http:\/\/ www.aekn.de\" target=\"_blank\" rel=\"noopener noreferrer\">http:\/\/ www.aekn.de<\/a><\/p>\n<h2>Verbraucher\u00adstreit\u00adbeilegung\/Universal\u00adschlichtungs\u00adstelle<\/h2>\n<p>Wir sind nicht bereit oder verpflichtet, an Streitbeilegungsverfahren vor einer Verbraucherschlichtungsstelle teilzunehmen.<\/p>\n<h3>Haftung f\u00fcr Inhalte<\/h3>\n<p>Als Diensteanbieter sind wir gem\u00e4\u00df \u00a7 7 Abs.1 TMG f\u00fcr eigene Inhalte auf diesen Seiten nach den allgemeinen Gesetzen verantwortlich. Nach \u00a7\u00a7 8 bis 10 TMG sind wir als Diensteanbieter jedoch nicht verpflichtet, \u00fcbermittelte oder gespeicherte fremde Informationen zu \u00fcberwachen oder nach Umst\u00e4nden zu forschen, die auf eine rechtswidrige T\u00e4tigkeit hinweisen.<\/p>\n<p>Verpflichtungen zur Entfernung oder Sperrung der Nutzung von Informationen nach den allgemeinen Gesetzen bleiben hiervon unber\u00fchrt. Eine diesbez\u00fcgliche Haftung ist jedoch erst ab dem Zeitpunkt der Kenntnis einer konkreten Rechtsverletzung m\u00f6glich. Bei Bekanntwerden von entsprechenden Rechtsverletzungen werden wir diese Inhalte umgehend entfernen.<\/p>\n<h3>Haftung f\u00fcr Links<\/h3>\n<p>Unser Angebot enth\u00e4lt Links zu externen Websites Dritter, auf deren Inhalte wir keinen Einfluss haben. Deshalb k\u00f6nnen wir f\u00fcr diese fremden Inhalte auch keine Gew\u00e4hr \u00fcbernehmen. F\u00fcr die Inhalte der verlinkten Seiten ist stets der jeweilige Anbieter oder Betreiber der Seiten verantwortlich. Die verlinkten Seiten wurden zum Zeitpunkt der Verlinkung auf m\u00f6gliche Rechtsverst\u00f6\u00dfe \u00fcberpr\u00fcft. Rechtswidrige Inhalte waren zum Zeitpunkt der Verlinkung nicht erkennbar.<\/p>\n<p>Eine permanente inhaltliche Kontrolle der verlinkten Seiten ist jedoch ohne konkrete Anhaltspunkte einer Rechtsverletzung nicht zumutbar. Bei Bekanntwerden von Rechtsverletzungen werden wir derartige Links umgehend entfernen.<\/p>\n<h3>Urheberrecht<\/h3>\n<p>Die durch die Seitenbetreiber erstellten Inhalte und Werke auf diesen Seiten unterliegen dem deutschen Urheberrecht. Die Vervielf\u00e4ltigung, Bearbeitung, Verbreitung und jede Art der Verwertung au\u00dferhalb der Grenzen des Urheberrechtes bed\u00fcrfen der schriftlichen Zustimmung des jeweiligen Autors bzw. Erstellers. Downloads und Kopien dieser Seite sind nur f\u00fcr den privaten, nicht kommerziellen Gebrauch gestattet.<\/p>\n<p>Soweit die Inhalte auf dieser Seite nicht vom Betreiber erstellt wurden, werden die Urheberrechte Dritter beachtet. Insbesondere werden Inhalte Dritter als solche gekennzeichnet. Sollten Sie trotzdem auf eine Urheberrechtsverletzung aufmerksam werden, bitten wir um einen entsprechenden Hinweis. Bei Bekanntwerden von Rechtsverletzungen werden wir derartige Inhalte umgehend entfernen.<\/p>\n<p>Quelle: <a href=\"https:\/\/www.e-recht24.de\/impressum-generator.html\">https:\/\/www.e-recht24.de\/impressum-generator.html<\/a><\/p>    <\/div>\n<\/div>\n<!-- \/module text -->        <\/div>\n                        <\/div>\n        <\/div>\n        <\/div>\n<!--\/themify_builder_content-->","protected":false},"excerpt":{"rendered":"<p>Impressum Angaben gem\u00e4\u00df \u00a7 5 TMG Hausarztpraxis Ihlow-Riepe 26632 Ihlow, Friesenstra\u00dfe 146 Kontakt Telefon: 04928 &#8211; 314Telefax: 04928 &#8211; 1869E-Mail: loewen@hausarzt-riepe.eu Aufsichtsbeh\u00f6rde Kassen\u00e4rztliche Vereinigung Niedersachsen &#8211; KVN K\u00f6rperschaft des \u00f6ffentlichen RechtsBerliner Allee 2230175 HannoverTel.: 0511 380-03Fax: 0511 380-3491info@kvn.de http:\/\/www.kvn.de Berufsbezeichnung und berufsrechtliche Regelungen Berufsbezeichnung: Facharzt f\u00fcr AllgemeinmedizinZust\u00e4ndige Kammer: \u00c4rztekammer Niedersachsen K\u00f6rperschaft \u00f6ffentlichen RechtsVerliehen durch: Deutschland &hellip; <a href=\"https:\/\/www.hausarztpraxis-ihlow-riepe.de\/praxis\/impressum\/\" class=\"more-link\"><span class=\"screen-reader-text\">Impressum<\/span> weiterlesen<\/a><\/p>\n","protected":false},"author":1,"featured_media":0,"parent":0,"menu_order":70,"comment_status":"closed","ping_status":"closed","template":"","meta":{"footnotes":""},"class_list":["post-28","page","type-page","status-publish","hentry"],"builder_content":"<h1>Impressum<\/h1> <h2>Angaben gem\u00e4\u00df \u00a7 5 TMG<\/h2> <p>Hausarztpraxis Ihlow-Riepe<\/p> <p>26632 Ihlow, Friesenstra\u00dfe 146<\/p> <h2>Kontakt<\/h2> <p>Telefon: 04928 - 314<br>Telefax: 04928 - 1869<br>E-Mail: loewen@hausarzt-riepe.eu<\/p> <h2>Aufsichtsbeh\u00f6rde<\/h2> <p>Kassen\u00e4rztliche Vereinigung Niedersachsen - KVN K\u00f6rperschaft des \u00f6ffentlichen Rechts<br>Berliner Allee 22<br>30175 Hannover<br>Tel.: 0511 380-03<br>Fax: 0511 380-3491<br>info@kvn.de<\/p> <p><a href=\"http:\/\/www.kvn.de\" target=\"_blank\" rel=\"noopener noreferrer\">http:\/\/www.kvn.de<\/a><\/p> <h2>Berufsbezeichnung und berufsrechtliche Regelungen<\/h2> <p>Berufsbezeichnung: Facharzt f\u00fcr Allgemeinmedizin<br>Zust\u00e4ndige Kammer: \u00c4rztekammer Niedersachsen K\u00f6rperschaft \u00f6ffentlichen Rechts<br>Verliehen durch: Deutschland \/ Niedersachsen<br>Es gelten folgende berufsrechtliche Regelungen: Berufsordnung der \u00c4rztekammer Niedersachsen<br>Regelungen einsehbar unter: <a href=\"http:\/\/ www.aekn.de\" target=\"_blank\" rel=\"noopener noreferrer\">http:\/\/ www.aekn.de<\/a><\/p> <h2>Verbraucher\u00adstreit\u00adbeilegung\/Universal\u00adschlichtungs\u00adstelle<\/h2> <p>Wir sind nicht bereit oder verpflichtet, an Streitbeilegungsverfahren vor einer Verbraucherschlichtungsstelle teilzunehmen.<\/p> <h3>Haftung f\u00fcr Inhalte<\/h3> <p>Als Diensteanbieter sind wir gem\u00e4\u00df \u00a7 7 Abs.1 TMG f\u00fcr eigene Inhalte auf diesen Seiten nach den allgemeinen Gesetzen verantwortlich. Nach \u00a7\u00a7 8 bis 10 TMG sind wir als Diensteanbieter jedoch nicht verpflichtet, \u00fcbermittelte oder gespeicherte fremde Informationen zu \u00fcberwachen oder nach Umst\u00e4nden zu forschen, die auf eine rechtswidrige T\u00e4tigkeit hinweisen.<\/p> <p>Verpflichtungen zur Entfernung oder Sperrung der Nutzung von Informationen nach den allgemeinen Gesetzen bleiben hiervon unber\u00fchrt. Eine diesbez\u00fcgliche Haftung ist jedoch erst ab dem Zeitpunkt der Kenntnis einer konkreten Rechtsverletzung m\u00f6glich. Bei Bekanntwerden von entsprechenden Rechtsverletzungen werden wir diese Inhalte umgehend entfernen.<\/p> <h3>Haftung f\u00fcr Links<\/h3> <p>Unser Angebot enth\u00e4lt Links zu externen Websites Dritter, auf deren Inhalte wir keinen Einfluss haben. Deshalb k\u00f6nnen wir f\u00fcr diese fremden Inhalte auch keine Gew\u00e4hr \u00fcbernehmen. F\u00fcr die Inhalte der verlinkten Seiten ist stets der jeweilige Anbieter oder Betreiber der Seiten verantwortlich. Die verlinkten Seiten wurden zum Zeitpunkt der Verlinkung auf m\u00f6gliche Rechtsverst\u00f6\u00dfe \u00fcberpr\u00fcft. Rechtswidrige Inhalte waren zum Zeitpunkt der Verlinkung nicht erkennbar.<\/p> <p>Eine permanente inhaltliche Kontrolle der verlinkten Seiten ist jedoch ohne konkrete Anhaltspunkte einer Rechtsverletzung nicht zumutbar. Bei Bekanntwerden von Rechtsverletzungen werden wir derartige Links umgehend entfernen.<\/p> <h3>Urheberrecht<\/h3> <p>Die durch die Seitenbetreiber erstellten Inhalte und Werke auf diesen Seiten unterliegen dem deutschen Urheberrecht. Die Vervielf\u00e4ltigung, Bearbeitung, Verbreitung und jede Art der Verwertung au\u00dferhalb der Grenzen des Urheberrechtes bed\u00fcrfen der schriftlichen Zustimmung des jeweiligen Autors bzw. Erstellers. Downloads und Kopien dieser Seite sind nur f\u00fcr den privaten, nicht kommerziellen Gebrauch gestattet.<\/p> <p>Soweit die Inhalte auf dieser Seite nicht vom Betreiber erstellt wurden, werden die Urheberrechte Dritter beachtet. Insbesondere werden Inhalte Dritter als solche gekennzeichnet. Sollten Sie trotzdem auf eine Urheberrechtsverletzung aufmerksam werden, bitten wir um einen entsprechenden Hinweis. Bei Bekanntwerden von Rechtsverletzungen werden wir derartige Inhalte umgehend entfernen.<\/p> <p>Quelle: <a href=\"https:\/\/www.e-recht24.de\/impressum-generator.html\">https:\/\/www.e-recht24.de\/impressum-generator.html<\/a><\/p>","_links":{"self":[{"href":"https:\/\/www.hausarztpraxis-ihlow-riepe.de\/praxis\/wp-json\/wp\/v2\/pages\/28","targetHints":{"allow":["GET"]}}],"collection":[{"href":"https:\/\/www.hausarztpraxis-ihlow-riepe.de\/praxis\/wp-json\/wp\/v2\/pages"}],"about":[{"href":"https:\/\/www.hausarztpraxis-ihlow-riepe.de\/praxis\/wp-json\/wp\/v2\/types\/page"}],"author":[{"embeddable":true,"href":"https:\/\/www.hausarztpraxis-ihlow-riepe.de\/praxis\/wp-json\/wp\/v2\/users\/1"}],"replies":[{"embeddable":true,"href":"https:\/\/www.hausarztpraxis-ihlow-riepe.de\/praxis\/wp-json\/wp\/v2\/comments?post=28"}],"version-history":[{"count":8,"href":"https:\/\/www.hausarztpraxis-ihlow-riepe.de\/praxis\/wp-json\/wp\/v2\/pages\/28\/revisions"}],"predecessor-version":[{"id":8100,"href":"https:\/\/www.hausarztpraxis-ihlow-riepe.de\/praxis\/wp-json\/wp\/v2\/pages\/28\/revisions\/8100"}],"wp:attachment":[{"href":"https:\/\/www.hausarztpraxis-ihlow-riepe.de\/praxis\/wp-json\/wp\/v2\/media?parent=28"}],"curies":[{"name":"wp","href":"https:\/\/api.w.org\/{rel}","templated":true}]}}