{"id":43,"date":"2020-06-19T22:06:05","date_gmt":"2020-06-19T20:06:05","guid":{"rendered":"https:\/\/www.hausarztpraxis-ihlow-riepe.de\/praxis\/?page_id=43"},"modified":"2026-01-04T19:24:53","modified_gmt":"2026-01-04T18:24:53","slug":"sprechstunde","status":"publish","type":"page","link":"https:\/\/www.hausarztpraxis-ihlow-riepe.de\/praxis\/sprechstunde\/","title":{"rendered":"Sprechstunde"},"content":{"rendered":"<!--themify_builder_content-->\n<div id=\"themify_builder_content-43\" data-postid=\"43\" class=\"themify_builder_content themify_builder_content-43 themify_builder tf_clear\">\n                    <div  data-lazy=\"1\" class=\"module_row themify_builder_row tb_yi9x484 tb_first tf_w\">\n                        <div class=\"row_inner col_align_top tb_col_count_1 tf_box tf_rel\">\n                        <div  data-lazy=\"1\" class=\"module_column tb-column col-full tb_cdvw485 first\">\n                    <!-- module text -->\n<div  class=\"module module-text tb_zkk4781   \" data-lazy=\"1\">\n        <div  class=\"tb_text_wrap\">\n        <p><style>\ntable, th, td { border: 0px solid white;}<\/style><\/p>\n<h1 style=\"text-align: left;\">Termin &#8211; Sprechzeiten<\/h1>\n<hr>\n<table>\n<tbody>\n<tr>\n<th style=\"width: 40%;\">\u00a0<\/th>\n<th style=\"width: 60%;\">\u00a0<\/th>\n<\/tr>\n<tr>\n<td>\n<h4>Montag<\/h4>\n<h4>Dienstag<\/h4>\n<h4>Mittwoch<\/h4>\n<h4>Donnerstag<\/h4>\n<h4>\u00a0<\/h4>\n<\/td>\n<td>\n<h4>09:00-11:00 und 15:00-18:00<\/h4>\n<h4>08:00-11:00 und 15:00-18:00<\/h4>\n<h4>08:00-11:00<\/h4>\n<h4>08:00-11:00 und 15:00-18:00<\/h4>\n<\/td>\n<\/tr>\n<\/tbody>\n<\/table>\n<h1>Sonstige Sprechzeiten:<\/h1>\n<hr>\n<p>\u00a0<\/p>\n<table>\n<tbody>\n<tr>\n<th style=\"width: 40%;\">\u00a0<\/th>\n<th style=\"width: 60%;\">\u00a0<\/th>\n<\/tr>\n<tr>\n<td>\n<h4>Akutsprechstunde<\/h4>\n<h4><span style=\"font-size: 16px; font-style: italic; letter-spacing: 0px;\">\u00a0<\/span><\/h4>\n<h4><span style=\"font-size: 16px; font-style: italic; letter-spacing: 0px;\">\u00a0<\/span><\/h4>\n<h4><span style=\"font-size: 16px; font-style: italic; letter-spacing: 0px;\">\u00a0<\/span><\/h4>\n<h4><span style=\"font-size: 16px; font-style: italic; letter-spacing: 0px;\">\u00a0<\/span><\/h4>\n<h4><span style=\"font-size: 16px; font-style: italic; letter-spacing: 0px;\">\u00a0<\/span><\/h4>\n<h4><span style=\"font-size: 16px; font-style: italic; letter-spacing: 0px;\">\u00a0<\/span><\/h4>\n<h4><span style=\"font-size: 16px; font-style: italic; letter-spacing: 0px;\">Freitags:<\/span><\/h4>\n<h4><span style=\"font-size: 16px; font-style: italic; letter-spacing: 0px;\">\u00a0<\/span><\/h4>\n<\/td>\n<td>\n<h4>Montag: 07:30-09:00<\/h4>\n<h4>Montag-Donnerstag: 11:30-12:30<\/h4>\n<p>in der Akutsprechstunde k\u00f6nnen nur akute Beschwerden abgekl\u00e4rt\/behandelt werden. Bitte melden Sie sich hierf\u00fcr m\u00f6glichst fr\u00fch pers\u00f6nlich, per Telefon oder per E-Mail an<\/p>\n<div>\u00a0<\/div>\n<div>\u00a0<\/div>\n<div>terminfreie Sprechstunde<\/div>\n<div>08:00-13:00<\/div>\n<div>Bitte melden Sie sich m\u00f6glichst fr\u00fch an dem jeweiligen Freitag f\u00fcr die Sprechstunde an, weil wir nur eine begrenzte Anzahl an Patienten drannehmen k\u00f6nnen<\/div>\n<div>\u00a0<\/div>\n<div><span class=\"ti_icon size-default corner-rounded icon-left bg-color-white text-color-blue icon-color-blue\"><span class=\"icon-text\"><strong>Nutzen Sie unsere online<\/strong>\u00a0<\/span><\/span><\/div>\n<div><span class=\"ti_icon size-default corner-rounded icon-left bg-color-white text-color-blue icon-color-blue\"><span class=\"icon-text\"><a style=\"font-size: 18px; font-style: italic; font-weight: bold; letter-spacing: 1px; text-transform: capitalize;\" href=\"https:\/\/www.hausarztpraxis-ihlow-riepe.de\/praxis\/terminanfrage\/\">Terminanfrage.<\/a><\/span><\/span><\/div>\n<\/td>\n<\/tr>\n<\/tbody>\n<\/table>    <\/div>\n<\/div>\n<!-- \/module text -->        <\/div>\n                        <\/div>\n        <\/div>\n        <\/div>\n<!--\/themify_builder_content-->","protected":false},"excerpt":{"rendered":"<p>Termin &#8211; Sprechzeiten \u00a0 \u00a0 Montag Dienstag Mittwoch Donnerstag \u00a0 09:00-11:00 und 15:00-18:00 08:00-11:00 und 15:00-18:00 08:00-11:00 08:00-11:00 und 15:00-18:00 Sonstige Sprechzeiten: \u00a0 \u00a0 \u00a0 Akutsprechstunde \u00a0 \u00a0 \u00a0 \u00a0 \u00a0 \u00a0 Freitags: \u00a0 Montag: 07:30-09:00 Montag-Donnerstag: 11:30-12:30 in der Akutsprechstunde k\u00f6nnen nur akute Beschwerden abgekl\u00e4rt\/behandelt werden. Bitte melden Sie sich hierf\u00fcr m\u00f6glichst fr\u00fch pers\u00f6nlich, &hellip; <a href=\"https:\/\/www.hausarztpraxis-ihlow-riepe.de\/praxis\/sprechstunde\/\" class=\"more-link\"><span class=\"screen-reader-text\">Sprechstunde<\/span> weiterlesen<\/a><\/p>\n","protected":false},"author":1,"featured_media":0,"parent":0,"menu_order":41,"comment_status":"closed","ping_status":"closed","template":"","meta":{"footnotes":""},"class_list":["post-43","page","type-page","status-publish","hentry"],"builder_content":"<p><\/p> <h1 style=\"text-align: left;\">Termin - Sprechzeiten<\/h1> <hr> <table> <tbody> <tr> <th style=\"width: 40%;\">\u00a0<\/th> <th style=\"width: 60%;\">\u00a0<\/th> <\/tr> <tr> <td> <h4>Montag<\/h4> <h4>Dienstag<\/h4> <h4>Mittwoch<\/h4> <h4>Donnerstag<\/h4> <h4>\u00a0<\/h4> <\/td> <td> <h4>09:00-11:00 und 15:00-18:00<\/h4> <h4>08:00-11:00 und 15:00-18:00<\/h4> <h4>08:00-11:00<\/h4> <h4>08:00-11:00 und 15:00-18:00<\/h4> <\/td> <\/tr> <\/tbody> <\/table> <h1>Sonstige Sprechzeiten:<\/h1> <hr> <p>\u00a0<\/p> <table> <tbody> <tr> <th style=\"width: 40%;\">\u00a0<\/th> <th style=\"width: 60%;\">\u00a0<\/th> <\/tr> <tr> <td> <h4>Akutsprechstunde<\/h4> <h4>\u00a0<\/h4> <h4>\u00a0<\/h4> <h4>\u00a0<\/h4> <h4>\u00a0<\/h4> <h4>\u00a0<\/h4> <h4>\u00a0<\/h4> <h4>Freitags:<\/h4> <h4>\u00a0<\/h4> <\/td> <td> <h4>Montag: 07:30-09:00<\/h4> <h4>Montag-Donnerstag: 11:30-12:30<\/h4> <p>in der Akutsprechstunde k\u00f6nnen nur akute Beschwerden abgekl\u00e4rt\/behandelt werden. Bitte melden Sie sich hierf\u00fcr m\u00f6glichst fr\u00fch pers\u00f6nlich, per Telefon oder per E-Mail an<\/p> \u00a0 \u00a0 terminfreie Sprechstunde 08:00-13:00 Bitte melden Sie sich m\u00f6glichst fr\u00fch an dem jeweiligen Freitag f\u00fcr die Sprechstunde an, weil wir nur eine begrenzte Anzahl an Patienten drannehmen k\u00f6nnen \u00a0 <strong>Nutzen Sie unsere online<\/strong>\u00a0 <a style=\"font-size: 18px; font-style: italic; font-weight: bold; letter-spacing: 1px; text-transform: capitalize;\" href=\"https:\/\/www.hausarztpraxis-ihlow-riepe.de\/praxis\/terminanfrage\/\">Terminanfrage.<\/a> <\/td> <\/tr> <\/tbody> <\/table>","_links":{"self":[{"href":"https:\/\/www.hausarztpraxis-ihlow-riepe.de\/praxis\/wp-json\/wp\/v2\/pages\/43","targetHints":{"allow":["GET"]}}],"collection":[{"href":"https:\/\/www.hausarztpraxis-ihlow-riepe.de\/praxis\/wp-json\/wp\/v2\/pages"}],"about":[{"href":"https:\/\/www.hausarztpraxis-ihlow-riepe.de\/praxis\/wp-json\/wp\/v2\/types\/page"}],"author":[{"embeddable":true,"href":"https:\/\/www.hausarztpraxis-ihlow-riepe.de\/praxis\/wp-json\/wp\/v2\/users\/1"}],"replies":[{"embeddable":true,"href":"https:\/\/www.hausarztpraxis-ihlow-riepe.de\/praxis\/wp-json\/wp\/v2\/comments?post=43"}],"version-history":[{"count":32,"href":"https:\/\/www.hausarztpraxis-ihlow-riepe.de\/praxis\/wp-json\/wp\/v2\/pages\/43\/revisions"}],"predecessor-version":[{"id":14256,"href":"https:\/\/www.hausarztpraxis-ihlow-riepe.de\/praxis\/wp-json\/wp\/v2\/pages\/43\/revisions\/14256"}],"wp:attachment":[{"href":"https:\/\/www.hausarztpraxis-ihlow-riepe.de\/praxis\/wp-json\/wp\/v2\/media?parent=43"}],"curies":[{"name":"wp","href":"https:\/\/api.w.org\/{rel}","templated":true}]}}