{"id":49,"date":"2020-06-19T22:13:28","date_gmt":"2020-06-19T20:13:28","guid":{"rendered":"https:\/\/www.hausarztpraxis-ihlow-riepe.de\/praxis\/?page_id=49"},"modified":"2026-01-04T18:43:58","modified_gmt":"2026-01-04T17:43:58","slug":"leistungen","status":"publish","type":"page","link":"https:\/\/www.hausarztpraxis-ihlow-riepe.de\/praxis\/leistungen\/","title":{"rendered":"Leistungen"},"content":{"rendered":"<!--themify_builder_content-->\n<div id=\"themify_builder_content-49\" data-postid=\"49\" class=\"themify_builder_content themify_builder_content-49 themify_builder tf_clear\">\n                    <div  data-lazy=\"1\" class=\"module_row themify_builder_row tb_tmpq797 tb_first tf_w\">\n                        <div class=\"row_inner col_align_top tb_col_count_1 tf_box tf_rel\">\n                        <div  data-lazy=\"1\" class=\"module_column tb-column col-full tb_3axg799 first\">\n                    <!-- module text -->\n<div  class=\"module module-text tb_2klo608   \" data-lazy=\"1\">\n        <div  class=\"tb_text_wrap\">\n        <h3 style=\"margin: 0in; font-family: Calibri; font-size: 16.0pt;\"><span style=\"font-weight: bold;\">Allgemeine Leistungen<\/span><\/h3>\n<p>\u00a0<\/p>\n<ul style=\"margin-left: .375in; direction: ltr; unicode-bidi: embed; margin-top: 0in; margin-bottom: 0in;\" type=\"disc\">\n<li style=\"margin-top: 0; margin-bottom: 0; vertical-align: middle;\"><span style=\"font-family: Calibri; font-size: 11.0pt;\">Laboruntersuchungen <\/span><span style=\"font-family: Calibri; font-size: 11.0pt;\"><br><\/span><\/li>\n<li style=\"margin-top: 0; margin-bottom: 0; vertical-align: middle;\"><span style=\"font-family: Calibri; font-size: 11.0pt;\">EKG <br><\/span><\/li>\n<li style=\"margin-top: 0; margin-bottom: 0; vertical-align: middle;\"><span style=\"font-family: Calibri; font-size: 11.0pt;\">24-Stunden-Blutdruckmessung <br><\/span><\/li>\n<li style=\"margin-top: 0; margin-bottom: 0; vertical-align: middle;\"><span style=\"font-family: Calibri; font-size: 11.0pt;\">24-Stunden-EKG <br><\/span><\/li>\n<li>Ergometrie (Belastungs-EKG)<\/li>\n<li style=\"margin-top: 0; margin-bottom: 0; vertical-align: middle;\"><span style=\"font-family: Calibri; font-size: 11.0pt;\">Lungenfunktionsdiagnostik (Spirometrie) <br><\/span><\/li>\n<li style=\"margin-top: 0; margin-bottom: 0; vertical-align: middle;\"><span style=\"font-family: Calibri; font-size: 11.0pt;\">Sonographie (Ultraschall) der Bauchorgane und der Schilddr\u00fcse <br><\/span><\/li>\n<li style=\"margin-top: 0; margin-bottom: 0; vertical-align: middle;\"><span style=\"font-family: Calibri; font-size: 11.0pt;\">DMP (KHK, Diabetes mellitus, Asthma bronchiale, COPD) <br><\/span><\/li>\n<li style=\"margin-top: 0; margin-bottom: 0; vertical-align: middle;\"><span style=\"font-family: Calibri; font-size: 11.0pt;\">Psychosomatische Grundversorgung <br><\/span><\/li>\n<li style=\"margin-top: 0; margin-bottom: 0; vertical-align: middle;\"><span style=\"font-family: Calibri; font-size: 11.0pt;\">\u00c4rztliche Hausbesuche bei Immobilit\u00e4t\/sonstiger medizinischen Indikation <br><\/span><\/li>\n<li>\u00e4rztlich veranlasste Hausbesuche durch unsere Nicht\u00e4rztliche Praxisassistentin ( z.B Blutentnahmen zu Hause, Verlaufskontrollen)<\/li>\n<li style=\"margin-top: 0; margin-bottom: 0; vertical-align: middle;\"><span style=\"font-family: Calibri; font-size: 11.0pt;\">Beantragung von Rehama\u00dfnahmen, Mutter-Kind-Kuren etc. <\/span><\/li>\n<li style=\"margin-top: 0; margin-bottom: 0; vertical-align: middle;\"><span style=\"font-family: Calibri; font-size: 11.0pt;\">Palliative Versorgung (SAPV)<\/span><\/li>\n<li>chirurgische Beratung<\/li>\n<li>kleine Chirurgie (z.B Versorgung von Hautverletzungen inkl. Naht)<\/li>\n<li>Vorsorgeleistungen (s.unten)<\/li>\n<\/ul>    <\/div>\n<\/div>\n<!-- \/module text --><!-- module text -->\n<div  class=\"module module-text tb_cmz0270   \" data-lazy=\"1\">\n        <div  class=\"tb_text_wrap\">\n        <h3 style=\"margin: 0in; font-family: Calibri; font-size: 18.0pt;\"><span style=\"font-weight: bold;\">Unsere <\/span><span style=\"font-weight: bold;\">Vorsorgeleistungen<\/span><\/h3>\n<p>\u00a0<\/p>\n<ul style=\"margin-left: .375in; direction: ltr; unicode-bidi: embed; margin-top: 0in; margin-bottom: 0in;\" type=\"disc\">\n<li style=\"margin-top: 0; margin-bottom: 0; vertical-align: middle;\"><span style=\"font-family: Calibri; font-size: 11.0pt;\">Check up f\u00fcr Erwachsene (im Alter von 18J bis 35J einmalig, ab 35J alle 3 Jahre)<\/span><\/li>\n<li style=\"margin-top: 0; margin-bottom: 0; vertical-align: middle;\"><span style=\"font-family: Calibri; font-size: 11.0pt;\">Krebsvorsorgeuntersuchung f\u00fcr M\u00e4nner (j\u00e4hrlich ab 45J)<\/span><\/li>\n<li style=\"margin-top: 0; margin-bottom: 0; vertical-align: middle;\"><span style=\"font-family: Calibri; font-size: 11.0pt;\">Darmkrebsvorsorge:Testung auf Blut im Stuhl mittels IFOBT j\u00e4hrlich ab 50J, Beratung zur Vorsorge-Coloskopie ab 50J<\/span><\/li>\n<li style=\"margin-top: 0; margin-bottom: 0; vertical-align: middle;\"><span style=\"font-family: Calibri; font-size: 11.0pt;\">Hautkrebsscreening (alle 2 Jahre ab 35J)<\/span><\/li>\n<li style=\"margin-top: 0; margin-bottom: 0; vertical-align: middle;\"><span style=\"font-family: Calibri; font-size: 11.0pt;\">Ultraschall-Screening der Bauchaorta (einmalig, M\u00e4nner ab 65J.)<\/span><\/li>\n<li>Jugendschutzuntersuchungen (vor Beginn einer Berufsausbildung)<\/li>\n<li>Impfungen (\u00dcberpr\u00fcfung und ggf. Vervollst\u00e4ndigung der Impfungen gem\u00e4\u00df der Empfehlungen der STIKO)<\/li>\n<\/ul>    <\/div>\n<\/div>\n<!-- \/module text -->        <\/div>\n                        <\/div>\n        <\/div>\n        <\/div>\n<!--\/themify_builder_content-->","protected":false},"excerpt":{"rendered":"<p>Allgemeine Leistungen \u00a0 Laboruntersuchungen EKG 24-Stunden-Blutdruckmessung 24-Stunden-EKG Ergometrie (Belastungs-EKG) Lungenfunktionsdiagnostik (Spirometrie) Sonographie (Ultraschall) der Bauchorgane und der Schilddr\u00fcse DMP (KHK, Diabetes mellitus, Asthma bronchiale, COPD) Psychosomatische Grundversorgung \u00c4rztliche Hausbesuche bei Immobilit\u00e4t\/sonstiger medizinischen Indikation \u00e4rztlich veranlasste Hausbesuche durch unsere Nicht\u00e4rztliche Praxisassistentin ( z.B Blutentnahmen zu Hause, Verlaufskontrollen) Beantragung von Rehama\u00dfnahmen, Mutter-Kind-Kuren etc. Palliative Versorgung (SAPV) chirurgische &hellip; <a href=\"https:\/\/www.hausarztpraxis-ihlow-riepe.de\/praxis\/leistungen\/\" class=\"more-link\"><span class=\"screen-reader-text\">Leistungen<\/span> weiterlesen<\/a><\/p>\n","protected":false},"author":1,"featured_media":0,"parent":0,"menu_order":31,"comment_status":"closed","ping_status":"closed","template":"","meta":{"footnotes":""},"class_list":["post-49","page","type-page","status-publish","hentry"],"builder_content":"<h3 style=\"margin: 0in; font-family: Calibri; font-size: 16.0pt;\">Allgemeine Leistungen<\/h3> <p>\u00a0<\/p> <ul style=\"margin-left: .375in; direction: ltr; unicode-bidi: embed; margin-top: 0in; margin-bottom: 0in;\" type=\"disc\"> <li style=\"margin-top: 0; margin-bottom: 0; vertical-align: middle;\">Laboruntersuchungen <br><\/li> <li style=\"margin-top: 0; margin-bottom: 0; vertical-align: middle;\">EKG <br><\/li> <li style=\"margin-top: 0; margin-bottom: 0; vertical-align: middle;\">24-Stunden-Blutdruckmessung <br><\/li> <li style=\"margin-top: 0; margin-bottom: 0; vertical-align: middle;\">24-Stunden-EKG <br><\/li> <li>Ergometrie (Belastungs-EKG)<\/li> <li style=\"margin-top: 0; margin-bottom: 0; vertical-align: middle;\">Lungenfunktionsdiagnostik (Spirometrie) <br><\/li> <li style=\"margin-top: 0; margin-bottom: 0; vertical-align: middle;\">Sonographie (Ultraschall) der Bauchorgane und der Schilddr\u00fcse <br><\/li> <li style=\"margin-top: 0; margin-bottom: 0; vertical-align: middle;\">DMP (KHK, Diabetes mellitus, Asthma bronchiale, COPD) <br><\/li> <li style=\"margin-top: 0; margin-bottom: 0; vertical-align: middle;\">Psychosomatische Grundversorgung <br><\/li> <li style=\"margin-top: 0; margin-bottom: 0; vertical-align: middle;\">\u00c4rztliche Hausbesuche bei Immobilit\u00e4t\/sonstiger medizinischen Indikation <br><\/li> <li>\u00e4rztlich veranlasste Hausbesuche durch unsere Nicht\u00e4rztliche Praxisassistentin ( z.B Blutentnahmen zu Hause, Verlaufskontrollen)<\/li> <li style=\"margin-top: 0; margin-bottom: 0; vertical-align: middle;\">Beantragung von Rehama\u00dfnahmen, Mutter-Kind-Kuren etc. <\/li> <li style=\"margin-top: 0; margin-bottom: 0; vertical-align: middle;\">Palliative Versorgung (SAPV)<\/li> <li>chirurgische Beratung<\/li> <li>kleine Chirurgie (z.B Versorgung von Hautverletzungen inkl. Naht)<\/li> <li>Vorsorgeleistungen (s.unten)<\/li> <\/ul>\n<h3 style=\"margin: 0in; font-family: Calibri; font-size: 18.0pt;\">Unsere Vorsorgeleistungen<\/h3> <p>\u00a0<\/p> <ul style=\"margin-left: .375in; direction: ltr; unicode-bidi: embed; margin-top: 0in; margin-bottom: 0in;\" type=\"disc\"> <li style=\"margin-top: 0; margin-bottom: 0; vertical-align: middle;\">Check up f\u00fcr Erwachsene (im Alter von 18J bis 35J einmalig, ab 35J alle 3 Jahre)<\/li> <li style=\"margin-top: 0; margin-bottom: 0; vertical-align: middle;\">Krebsvorsorgeuntersuchung f\u00fcr M\u00e4nner (j\u00e4hrlich ab 45J)<\/li> <li style=\"margin-top: 0; margin-bottom: 0; vertical-align: middle;\">Darmkrebsvorsorge:Testung auf Blut im Stuhl mittels IFOBT j\u00e4hrlich ab 50J, Beratung zur Vorsorge-Coloskopie ab 50J<\/li> <li style=\"margin-top: 0; margin-bottom: 0; vertical-align: middle;\">Hautkrebsscreening (alle 2 Jahre ab 35J)<\/li> <li style=\"margin-top: 0; margin-bottom: 0; vertical-align: middle;\">Ultraschall-Screening der Bauchaorta (einmalig, M\u00e4nner ab 65J.)<\/li> <li>Jugendschutzuntersuchungen (vor Beginn einer Berufsausbildung)<\/li> <li>Impfungen (\u00dcberpr\u00fcfung und ggf. Vervollst\u00e4ndigung der Impfungen gem\u00e4\u00df der Empfehlungen der STIKO)<\/li> <\/ul>","_links":{"self":[{"href":"https:\/\/www.hausarztpraxis-ihlow-riepe.de\/praxis\/wp-json\/wp\/v2\/pages\/49","targetHints":{"allow":["GET"]}}],"collection":[{"href":"https:\/\/www.hausarztpraxis-ihlow-riepe.de\/praxis\/wp-json\/wp\/v2\/pages"}],"about":[{"href":"https:\/\/www.hausarztpraxis-ihlow-riepe.de\/praxis\/wp-json\/wp\/v2\/types\/page"}],"author":[{"embeddable":true,"href":"https:\/\/www.hausarztpraxis-ihlow-riepe.de\/praxis\/wp-json\/wp\/v2\/users\/1"}],"replies":[{"embeddable":true,"href":"https:\/\/www.hausarztpraxis-ihlow-riepe.de\/praxis\/wp-json\/wp\/v2\/comments?post=49"}],"version-history":[{"count":18,"href":"https:\/\/www.hausarztpraxis-ihlow-riepe.de\/praxis\/wp-json\/wp\/v2\/pages\/49\/revisions"}],"predecessor-version":[{"id":14249,"href":"https:\/\/www.hausarztpraxis-ihlow-riepe.de\/praxis\/wp-json\/wp\/v2\/pages\/49\/revisions\/14249"}],"wp:attachment":[{"href":"https:\/\/www.hausarztpraxis-ihlow-riepe.de\/praxis\/wp-json\/wp\/v2\/media?parent=49"}],"curies":[{"name":"wp","href":"https:\/\/api.w.org\/{rel}","templated":true}]}}